{"id":3996,"date":"2022-12-01T17:06:42","date_gmt":"2022-12-01T09:06:42","guid":{"rendered":"https:\/\/hb-international.com\/is-teklifleri\/"},"modified":"2022-12-01T17:06:43","modified_gmt":"2022-12-01T09:06:43","slug":"is-teklifleri","status":"publish","type":"page","link":"https:\/\/hb-international.com\/tr\/is-teklifleri\/","title":{"rendered":"\u0130\u015f Teklifleri"},"content":{"rendered":"\t\t<div data-elementor-type=\"wp-page\" data-elementor-id=\"3996\" class=\"elementor elementor-3996\" data-elementor-settings=\"{&quot;ha_cmc_init_switcher&quot;:&quot;no&quot;}\" data-elementor-post-type=\"page\">\n\t\t\t\t\t\t<section class=\"has_eae_slider elementor-section elementor-top-section elementor-element elementor-element-142a5c2b elementor-section-stretched elementor-section-boxed elementor-section-height-default elementor-section-height-default\" data-eae-slider=\"81758\" data-id=\"142a5c2b\" data-element_type=\"section\" data-e-type=\"section\" data-settings=\"{&quot;stretch_section&quot;:&quot;section-stretched&quot;,&quot;_ha_eqh_enable&quot;:false}\">\n\t\t\t\t\t\t<div class=\"elementor-container elementor-column-gap-default\">\n\t\t\t\t\t<div class=\"has_eae_slider elementor-column elementor-col-100 elementor-top-column elementor-element elementor-element-633897fc\" data-eae-slider=\"78884\" data-id=\"633897fc\" data-element_type=\"column\" data-e-type=\"column\">\n\t\t\t<div class=\"elementor-widget-wrap elementor-element-populated\">\n\t\t\t\t\t\t<div class=\"elementor-element elementor-element-4f722ea5 elementor-widget elementor-widget-heading\" data-id=\"4f722ea5\" data-element_type=\"widget\" data-e-type=\"widget\" data-widget_type=\"heading.default\">\n\t\t\t\t<div class=\"elementor-widget-container\">\n\t\t\t\t\t<h2 class=\"elementor-heading-title elementor-size-default\">HBI \u0130\u015f Teklifleri<\/h2>\t\t\t\t<\/div>\n\t\t\t\t<\/div>\n\t\t\t\t<div class=\"elementor-element elementor-element-5944c54 elementor-widget elementor-widget-text-editor\" data-id=\"5944c54\" data-element_type=\"widget\" data-e-type=\"widget\" data-widget_type=\"text-editor.default\">\n\t\t\t\t<div class=\"elementor-widget-container\">\n\t\t\t\t\t\t\t\t\t<p>Bize kat\u0131lmay\u0131 m\u0131 d\u00fc\u015f\u00fcn\u00fcyorsunuz? T\u00fcm i\u015f tekliflerimizi a\u015fa\u011f\u0131da bulabilirsiniz.<\/p>\n<p>&nbsp;<\/p>\n<p>Ayr\u0131ca \u00f6\u011frencilerimizi e\u011fitimleri boyunca destekleyerek gen\u00e7 neslin g\u00f6sterdikleri t\u00fcm \u00e7e\u015fitlilikle birlikte yeti\u015fmesine ve i\u015f d\u00fcnyas\u0131nda kendilerine yer bulmalar\u0131na katk\u0131da bulunuyoruz.<\/p>\n<p>Bu politika, bir fark yaratman\u0131n yan\u0131 s\u0131ra i\u015fe al\u0131m i\u00e7in bir yetenek havuzu geli\u015ftirmemize yard\u0131mc\u0131 olmaktad\u0131r. Frans\u0131z VIE program\u0131 kapsam\u0131nda uluslararas\u0131 bir staj, i\u015fle ba\u011flant\u0131l\u0131 e\u011fitim veya Grubumuzda staj yapmakla ilgileniyorsan\u0131z, ileti\u015fim formunu doldurunuz ve ne arad\u0131\u011f\u0131n\u0131z\u0131 bize bildiriniz.<\/p>\n\t\t\t\t\t\t\t\t<\/div>\n\t\t\t\t<\/div>\n\t\t\t\t\t<\/div>\n\t\t<\/div>\n\t\t\t\t\t<\/div>\n\t\t<\/section>\n\t\t\t\t<section class=\"has_eae_slider elementor-section elementor-top-section elementor-element elementor-element-8cc9434 elementor-section-boxed elementor-section-height-default elementor-section-height-default\" data-eae-slider=\"86204\" data-id=\"8cc9434\" data-element_type=\"section\" data-e-type=\"section\" data-settings=\"{&quot;_ha_eqh_enable&quot;:false}\">\n\t\t\t\t\t\t<div class=\"elementor-container elementor-column-gap-default\">\n\t\t\t\t\t<div class=\"has_eae_slider elementor-column elementor-col-100 elementor-top-column elementor-element elementor-element-8a4b594\" data-eae-slider=\"62158\" data-id=\"8a4b594\" data-element_type=\"column\" data-e-type=\"column\">\n\t\t\t<div class=\"elementor-widget-wrap elementor-element-populated\">\n\t\t\t\t\t\t<div class=\"elementor-element elementor-element-cea85a5 content-align-cta-default elementor-widget elementor-widget-eael-cta-box\" data-id=\"cea85a5\" data-element_type=\"widget\" data-e-type=\"widget\" data-widget_type=\"eael-cta-box.default\">\n\t\t\t\t<div class=\"elementor-widget-container\">\n\t\t\t\t\t\t\t<div class=\"eael-call-to-action cta-basic bg-lite cta-preset-1\">\n        <h3 class=\"title eael-cta-heading\">Outside Sales \/ Commercial terrain<\/h3><p>France enti\u00e8re<\/p>\n<a href=\"http:\/\/65m.573.myftpupload.com\/outsite-sales-france\/\" class=\"cta-button cta-preset-1  \">Postuler<\/a>\t<\/div>\n\t\t\t\t\t\t\t\t<\/div>\n\t\t\t\t<\/div>\n\t\t\t\t<div class=\"elementor-element elementor-element-6aea6cd content-align-cta-default elementor-widget elementor-widget-eael-cta-box\" data-id=\"6aea6cd\" data-element_type=\"widget\" data-e-type=\"widget\" data-widget_type=\"eael-cta-box.default\">\n\t\t\t\t<div class=\"elementor-widget-container\">\n\t\t\t\t\t\t\t<div class=\"eael-call-to-action cta-basic bg-lite cta-preset-1\">\n        <h3 class=\"title eael-cta-heading\">Agents de transit H\/F<\/h3><p>Marseille - Lyon - Le Havre - Roissy<\/p>\n<a href=\"http:\/\/65m.573.myftpupload.com\/agent-de-transit-france\/\" class=\"cta-button cta-preset-1  \">Postuler<\/a>\t<\/div>\n\t\t\t\t\t\t\t\t<\/div>\n\t\t\t\t<\/div>\n\t\t\t\t<div class=\"elementor-element elementor-element-9282f9d content-align-cta-default elementor-widget elementor-widget-eael-cta-box\" data-id=\"9282f9d\" data-element_type=\"widget\" data-e-type=\"widget\" data-widget_type=\"eael-cta-box.default\">\n\t\t\t\t<div class=\"elementor-widget-container\">\n\t\t\t\t\t\t\t<div class=\"eael-call-to-action cta-basic bg-lite cta-preset-1\">\n        <h3 class=\"title eael-cta-heading\">Key account Manager H\/F<\/h3><p>Lyon - Marseille - Roissy- Le Havre<\/p>\n<a href=\"http:\/\/65m.573.myftpupload.com\/kam-france\/\" class=\"cta-button cta-preset-1  \">Postuler<\/a>\t<\/div>\n\t\t\t\t\t\t\t\t<\/div>\n\t\t\t\t<\/div>\n\t\t\t\t<div class=\"elementor-element elementor-element-39da502 content-align-cta-default elementor-widget elementor-widget-eael-cta-box\" data-id=\"39da502\" data-element_type=\"widget\" data-e-type=\"widget\" data-widget_type=\"eael-cta-box.default\">\n\t\t\t\t<div class=\"elementor-widget-container\">\n\t\t\t\t\t\t\t<div class=\"eael-call-to-action cta-basic bg-lite cta-preset-1\">\n        <h3 class=\"title eael-cta-heading\">Inside Sales H\/F<\/h3><p>Le Havre<\/p>\n<a href=\"http:\/\/65m.573.myftpupload.com\/inside-sales-le-havre-france\/\" class=\"cta-button cta-preset-1  \">Postuler<\/a>\t<\/div>\n\t\t\t\t\t\t\t\t<\/div>\n\t\t\t\t<\/div>\n\t\t\t\t<div class=\"elementor-element elementor-element-1973b3a content-align-cta-default elementor-widget elementor-widget-eael-cta-box\" data-id=\"1973b3a\" data-element_type=\"widget\" data-e-type=\"widget\" data-widget_type=\"eael-cta-box.default\">\n\t\t\t\t<div class=\"elementor-widget-container\">\n\t\t\t\t\t\t\t<div class=\"eael-call-to-action cta-basic bg-lite cta-preset-1\">\n        <h3 class=\"title eael-cta-heading\">Inside Sales H\/F<\/h3><p>Roissy<\/p>\n<a href=\"http:\/\/65m.573.myftpupload.com\/inside-sales-roissy\/\" class=\"cta-button cta-preset-1  \">Postuler<\/a>\t<\/div>\n\t\t\t\t\t\t\t\t<\/div>\n\t\t\t\t<\/div>\n\t\t\t\t<div class=\"elementor-element elementor-element-95e6192 content-align-cta-default elementor-widget elementor-widget-eael-cta-box\" data-id=\"95e6192\" data-element_type=\"widget\" data-e-type=\"widget\" data-widget_type=\"eael-cta-box.default\">\n\t\t\t\t<div class=\"elementor-widget-container\">\n\t\t\t\t\t\t\t<div class=\"eael-call-to-action cta-basic bg-lite cta-preset-1\">\n        <h3 class=\"title eael-cta-heading\">Juriste Corporate H\/F<\/h3><p>Marseille<\/p>\n<a href=\"http:\/\/65m.573.myftpupload.com\/juriste-corporate-marseille\/\" class=\"cta-button cta-preset-1  \">Postuler<\/a>\t<\/div>\n\t\t\t\t\t\t\t\t<\/div>\n\t\t\t\t<\/div>\n\t\t\t\t\t<\/div>\n\t\t<\/div>\n\t\t\t\t\t<\/div>\n\t\t<\/section>\n\t\t\t\t<\/div>\n\t\t","protected":false},"excerpt":{"rendered":"<p>HBI \u0130\u015f Teklifleri Bize kat\u0131lmay\u0131 m\u0131 d\u00fc\u015f\u00fcn\u00fcyorsunuz? T\u00fcm i\u015f tekliflerimizi a\u015fa\u011f\u0131da bulabilirsiniz. &nbsp; Ayr\u0131ca \u00f6\u011frencilerimizi e\u011fitimleri boyunca destekleyerek gen\u00e7 neslin g\u00f6sterdikleri t\u00fcm \u00e7e\u015fitlilikle birlikte yeti\u015fmesine ve i\u015f d\u00fcnyas\u0131nda kendilerine yer bulmalar\u0131na katk\u0131da bulunuyoruz. Bu politika, bir fark yaratman\u0131n yan\u0131 s\u0131ra i\u015fe al\u0131m i\u00e7in bir yetenek havuzu geli\u015ftirmemize yard\u0131mc\u0131 olmaktad\u0131r. Frans\u0131z VIE program\u0131 kapsam\u0131nda uluslararas\u0131 bir [&hellip;]<\/p>\n","protected":false},"author":1,"featured_media":0,"parent":0,"menu_order":0,"comment_status":"closed","ping_status":"closed","template":"","meta":{"_acf_changed":false,"content-type":"","om_disable_all_campaigns":false,"inline_featured_image":false,"ocean_post_layout":"","ocean_both_sidebars_style":"","ocean_both_sidebars_content_width":0,"ocean_both_sidebars_sidebars_width":0,"ocean_sidebar":"0","ocean_second_sidebar":"0","ocean_disable_margins":"enable","ocean_add_body_class":"","ocean_shortcode_before_top_bar":"","ocean_shortcode_after_top_bar":"","ocean_shortcode_before_header":"","ocean_shortcode_after_header":"","ocean_has_shortcode":"","ocean_shortcode_after_title":"","ocean_shortcode_before_footer_widgets":"","ocean_shortcode_after_footer_widgets":"","ocean_shortcode_before_footer_bottom":"","ocean_shortcode_after_footer_bottom":"","ocean_display_top_bar":"off","ocean_display_header":"default","ocean_header_style":"","ocean_center_header_left_menu":"0","ocean_custom_header_template":"0","ocean_custom_logo":0,"ocean_custom_retina_logo":0,"ocean_custom_logo_max_width":0,"ocean_custom_logo_tablet_max_width":0,"ocean_custom_logo_mobile_max_width":0,"ocean_custom_logo_max_height":0,"ocean_custom_logo_tablet_max_height":0,"ocean_custom_logo_mobile_max_height":0,"ocean_header_custom_menu":"0","ocean_menu_typo_font_family":"0","ocean_menu_typo_font_subset":"","ocean_menu_typo_font_size":0,"ocean_menu_typo_font_size_tablet":0,"ocean_menu_typo_font_size_mobile":0,"ocean_menu_typo_font_size_unit":"px","ocean_menu_typo_font_weight":"","ocean_menu_typo_font_weight_tablet":"","ocean_menu_typo_font_weight_mobile":"","ocean_menu_typo_transform":"","ocean_menu_typo_transform_tablet":"","ocean_menu_typo_transform_mobile":"","ocean_menu_typo_line_height":0,"ocean_menu_typo_line_height_tablet":0,"ocean_menu_typo_line_height_mobile":0,"ocean_menu_typo_line_height_unit":"","ocean_menu_typo_spacing":0,"ocean_menu_typo_spacing_tablet":0,"ocean_menu_typo_spacing_mobile":0,"ocean_menu_typo_spacing_unit":"","ocean_menu_link_color":"","ocean_menu_link_color_hover":"","ocean_menu_link_color_active":"","ocean_menu_link_background":"","ocean_menu_link_hover_background":"","ocean_menu_link_active_background":"","ocean_menu_social_links_bg":"","ocean_menu_social_hover_links_bg":"","ocean_menu_social_links_color":"","ocean_menu_social_hover_links_color":"","ocean_disable_title":"on","ocean_disable_heading":"default","ocean_post_title":"","ocean_post_subheading":"","ocean_post_title_style":"","ocean_post_title_background_color":"","ocean_post_title_background":0,"ocean_post_title_bg_image_position":"","ocean_post_title_bg_image_attachment":"","ocean_post_title_bg_image_repeat":"","ocean_post_title_bg_image_size":"","ocean_post_title_height":0,"ocean_post_title_bg_overlay":0.5,"ocean_post_title_bg_overlay_color":"","ocean_disable_breadcrumbs":"off","ocean_breadcrumbs_color":"","ocean_breadcrumbs_separator_color":"","ocean_breadcrumbs_links_color":"","ocean_breadcrumbs_links_hover_color":"","ocean_display_footer_widgets":"default","ocean_display_footer_bottom":"default","ocean_custom_footer_template":"0","footnotes":""},"class_list":["post-3996","page","type-page","status-publish","hentry","entry"],"acf":[],"_links":{"self":[{"href":"https:\/\/hb-international.com\/tr\/wp-json\/wp\/v2\/pages\/3996","targetHints":{"allow":["GET"]}}],"collection":[{"href":"https:\/\/hb-international.com\/tr\/wp-json\/wp\/v2\/pages"}],"about":[{"href":"https:\/\/hb-international.com\/tr\/wp-json\/wp\/v2\/types\/page"}],"author":[{"embeddable":true,"href":"https:\/\/hb-international.com\/tr\/wp-json\/wp\/v2\/users\/1"}],"replies":[{"embeddable":true,"href":"https:\/\/hb-international.com\/tr\/wp-json\/wp\/v2\/comments?post=3996"}],"version-history":[{"count":0,"href":"https:\/\/hb-international.com\/tr\/wp-json\/wp\/v2\/pages\/3996\/revisions"}],"wp:attachment":[{"href":"https:\/\/hb-international.com\/tr\/wp-json\/wp\/v2\/media?parent=3996"}],"curies":[{"name":"wp","href":"https:\/\/api.w.org\/{rel}","templated":true}]}}