{"id":3861,"date":"2021-06-04T03:57:16","date_gmt":"2021-06-04T03:57:16","guid":{"rendered":"https:\/\/hb-international.com\/customs\/"},"modified":"2022-12-01T21:49:12","modified_gmt":"2022-12-01T13:49:12","slug":"customs","status":"publish","type":"page","link":"https:\/\/hb-international.com\/tr\/customs\/","title":{"rendered":"Customs"},"content":{"rendered":"\t\t<div data-elementor-type=\"wp-page\" data-elementor-id=\"3861\" class=\"elementor elementor-3861\" data-elementor-settings=\"{&quot;ha_cmc_init_switcher&quot;:&quot;no&quot;}\" data-elementor-post-type=\"page\">\n\t\t\t\t\t\t<section class=\"has_eae_slider elementor-section elementor-top-section elementor-element elementor-element-5e84855 elementor-section-stretched elementor-section-full_width elementor-section-height-min-height elementor-section-height-default elementor-section-items-middle\" data-eae-slider=\"52706\" data-id=\"5e84855\" data-element_type=\"section\" data-e-type=\"section\" data-settings=\"{&quot;stretch_section&quot;:&quot;section-stretched&quot;,&quot;background_background&quot;:&quot;classic&quot;,&quot;_ha_eqh_enable&quot;:false}\">\n\t\t\t\t\t\t<div class=\"elementor-container elementor-column-gap-default\">\n\t\t\t\t\t<div class=\"has_eae_slider elementor-column elementor-col-100 elementor-top-column elementor-element elementor-element-6727fdd\" data-eae-slider=\"36553\" data-id=\"6727fdd\" data-element_type=\"column\" data-e-type=\"column\">\n\t\t\t<div class=\"elementor-widget-wrap\">\n\t\t\t\t\t\t\t<\/div>\n\t\t<\/div>\n\t\t\t\t\t<\/div>\n\t\t<\/section>\n\t\t\t\t<section class=\"has_eae_slider elementor-section elementor-top-section elementor-element elementor-element-80cacaf elementor-section-boxed elementor-section-height-default elementor-section-height-default\" data-eae-slider=\"74428\" data-id=\"80cacaf\" data-element_type=\"section\" data-e-type=\"section\" data-settings=\"{&quot;_ha_eqh_enable&quot;:false}\">\n\t\t\t\t\t\t<div class=\"elementor-container elementor-column-gap-default\">\n\t\t\t\t\t<div class=\"has_eae_slider elementor-column elementor-col-100 elementor-top-column elementor-element elementor-element-1e50b07\" data-eae-slider=\"63725\" data-id=\"1e50b07\" data-element_type=\"column\" data-e-type=\"column\">\n\t\t\t<div class=\"elementor-widget-wrap elementor-element-populated\">\n\t\t\t\t\t\t<div class=\"elementor-element elementor-element-0ee7685 elementor-widget elementor-widget-heading\" data-id=\"0ee7685\" data-element_type=\"widget\" data-e-type=\"widget\" data-widget_type=\"heading.default\">\n\t\t\t\t<div class=\"elementor-widget-container\">\n\t\t\t\t\t<h2 class=\"elementor-heading-title elementor-size-default\">G\u00fcmr\u00fck \u0130\u015flemleri<\/h2>\t\t\t\t<\/div>\n\t\t\t\t<\/div>\n\t\t\t\t\t<\/div>\n\t\t<\/div>\n\t\t\t\t\t<\/div>\n\t\t<\/section>\n\t\t\t\t<section class=\"has_eae_slider elementor-section elementor-top-section elementor-element elementor-element-26fa12c elementor-section-stretched elementor-section-boxed elementor-section-height-default elementor-section-height-default\" data-eae-slider=\"79213\" data-id=\"26fa12c\" data-element_type=\"section\" data-e-type=\"section\" data-settings=\"{&quot;stretch_section&quot;:&quot;section-stretched&quot;,&quot;_ha_eqh_enable&quot;:false}\">\n\t\t\t\t\t\t<div class=\"elementor-container elementor-column-gap-default\">\n\t\t\t\t\t<div class=\"has_eae_slider elementor-column elementor-col-100 elementor-top-column elementor-element elementor-element-3aa923b\" data-eae-slider=\"50021\" data-id=\"3aa923b\" data-element_type=\"column\" data-e-type=\"column\">\n\t\t\t<div class=\"elementor-widget-wrap elementor-element-populated\">\n\t\t\t\t\t\t<div class=\"elementor-element elementor-element-2d4fbbc elementor-widget elementor-widget-spacer\" data-id=\"2d4fbbc\" data-element_type=\"widget\" data-e-type=\"widget\" data-widget_type=\"spacer.default\">\n\t\t\t\t<div class=\"elementor-widget-container\">\n\t\t\t\t\t\t\t<div class=\"elementor-spacer\">\n\t\t\t<div class=\"elementor-spacer-inner\"><\/div>\n\t\t<\/div>\n\t\t\t\t\t\t<\/div>\n\t\t\t\t<\/div>\n\t\t\t\t<div class=\"elementor-element elementor-element-c0826cb elementor-widget elementor-widget-text-editor\" data-id=\"c0826cb\" data-element_type=\"widget\" data-e-type=\"widget\" data-widget_type=\"text-editor.default\">\n\t\t\t\t<div class=\"elementor-widget-container\">\n\t\t\t\t\t\t\t\t\t<p style=\"text-align: left;\"><span style=\"color: #000000;\">G\u00fcmr\u00fck \u0130\u015flemleri<\/span><\/p><p style=\"text-align: left;\"><span style=\"color: #000000;\">HBI G\u00fcmr\u00fck departman\u0131, t\u00fcm g\u00fcmr\u00fck gereksinimleriniz i\u00e7in destek sunar.<\/span><\/p><p style=\"text-align: left;\"><span style=\"color: #000000;\">Tavsiyeler veriyor ve d\u00fczenleyici izleme hizmeti sunuyoruz.<\/span><\/p><p style=\"text-align: left;\"><span style=\"color: #000000;\">Farkl\u0131 idareler (g\u00fcmr\u00fck, t\u00fcketici ve doland\u0131r\u0131c\u0131l\u0131k \u00f6nleme servisi (DGCCRF), sa\u011fl\u0131k ve bitki sa\u011fl\u0131\u011f\u0131 hizmetleri) ile yak\u0131n \u015fekilde \u00e7al\u0131\u015f\u0131yoruz.<\/span><\/p><p style=\"text-align: left;\"><span style=\"color: #000000;\">Birden fazla g\u00fcmr\u00fck prosed\u00fcr\u00fcn\u00fc y\u00f6netiyoruz: d\u0131\u015far\u0131da i\u015fleme, dahilde i\u015fleme, g\u00fcmr\u00fck depolar\u0131, ba\u011flay\u0131c\u0131 tarife bilgileri, ba\u011flay\u0131c\u0131 men\u015fei bilgileri, veteriner prosed\u00fcrleri, DDPP yerel t\u00fcketici koruma ajanslar\u0131.<\/span><\/p><p style=\"text-align: left;\"><span style=\"color: #000000;\">Fos-sur-Mer ve Roissy Charles de Gaulle havalimanlar\u0131nda ulusal merkezi g\u00fcmr\u00fckleme (DCN) hizmetleri.<\/span><\/p><p style=\"text-align: left;\"><span style=\"color: #000000;\">Ayr\u0131ca Brexit ile ba\u011flant\u0131l\u0131 lojistik zorluklarla ilgili destek sunuyoruz.<\/span><\/p>\t\t\t\t\t\t\t\t<\/div>\n\t\t\t\t<\/div>\n\t\t\t\t<div class=\"elementor-element elementor-element-eac116a elementor-widget elementor-widget-spacer\" data-id=\"eac116a\" data-element_type=\"widget\" data-e-type=\"widget\" data-widget_type=\"spacer.default\">\n\t\t\t\t<div class=\"elementor-widget-container\">\n\t\t\t\t\t\t\t<div class=\"elementor-spacer\">\n\t\t\t<div class=\"elementor-spacer-inner\"><\/div>\n\t\t<\/div>\n\t\t\t\t\t\t<\/div>\n\t\t\t\t<\/div>\n\t\t\t\t\t<\/div>\n\t\t<\/div>\n\t\t\t\t\t<\/div>\n\t\t<\/section>\n\t\t\t\t<\/div>\n\t\t","protected":false},"excerpt":{"rendered":"<p>G\u00fcmr\u00fck \u0130\u015flemleri G\u00fcmr\u00fck \u0130\u015flemleri HBI G\u00fcmr\u00fck departman\u0131, t\u00fcm g\u00fcmr\u00fck gereksinimleriniz i\u00e7in destek sunar. Tavsiyeler veriyor ve d\u00fczenleyici izleme hizmeti sunuyoruz. Farkl\u0131 idareler (g\u00fcmr\u00fck, t\u00fcketici ve doland\u0131r\u0131c\u0131l\u0131k \u00f6nleme servisi (DGCCRF), sa\u011fl\u0131k ve bitki sa\u011fl\u0131\u011f\u0131 hizmetleri) ile yak\u0131n \u015fekilde \u00e7al\u0131\u015f\u0131yoruz. Birden fazla g\u00fcmr\u00fck prosed\u00fcr\u00fcn\u00fc y\u00f6netiyoruz: d\u0131\u015far\u0131da i\u015fleme, dahilde i\u015fleme, g\u00fcmr\u00fck depolar\u0131, ba\u011flay\u0131c\u0131 tarife bilgileri, ba\u011flay\u0131c\u0131 men\u015fei bilgileri, [&hellip;]<\/p>\n","protected":false},"author":1,"featured_media":0,"parent":0,"menu_order":0,"comment_status":"closed","ping_status":"closed","template":"","meta":{"_acf_changed":false,"content-type":"","om_disable_all_campaigns":false,"inline_featured_image":false,"ocean_post_layout":"","ocean_both_sidebars_style":"","ocean_both_sidebars_content_width":0,"ocean_both_sidebars_sidebars_width":0,"ocean_sidebar":"0","ocean_second_sidebar":"0","ocean_disable_margins":"enable","ocean_add_body_class":"","ocean_shortcode_before_top_bar":"","ocean_shortcode_after_top_bar":"","ocean_shortcode_before_header":"","ocean_shortcode_after_header":"","ocean_has_shortcode":"","ocean_shortcode_after_title":"","ocean_shortcode_before_footer_widgets":"","ocean_shortcode_after_footer_widgets":"","ocean_shortcode_before_footer_bottom":"","ocean_shortcode_after_footer_bottom":"","ocean_display_top_bar":"off","ocean_display_header":"default","ocean_header_style":"","ocean_center_header_left_menu":"0","ocean_custom_header_template":"0","ocean_custom_logo":0,"ocean_custom_retina_logo":0,"ocean_custom_logo_max_width":0,"ocean_custom_logo_tablet_max_width":0,"ocean_custom_logo_mobile_max_width":0,"ocean_custom_logo_max_height":0,"ocean_custom_logo_tablet_max_height":0,"ocean_custom_logo_mobile_max_height":0,"ocean_header_custom_menu":"0","ocean_menu_typo_font_family":"0","ocean_menu_typo_font_subset":"","ocean_menu_typo_font_size":0,"ocean_menu_typo_font_size_tablet":0,"ocean_menu_typo_font_size_mobile":0,"ocean_menu_typo_font_size_unit":"px","ocean_menu_typo_font_weight":"","ocean_menu_typo_font_weight_tablet":"","ocean_menu_typo_font_weight_mobile":"","ocean_menu_typo_transform":"","ocean_menu_typo_transform_tablet":"","ocean_menu_typo_transform_mobile":"","ocean_menu_typo_line_height":0,"ocean_menu_typo_line_height_tablet":0,"ocean_menu_typo_line_height_mobile":0,"ocean_menu_typo_line_height_unit":"","ocean_menu_typo_spacing":0,"ocean_menu_typo_spacing_tablet":0,"ocean_menu_typo_spacing_mobile":0,"ocean_menu_typo_spacing_unit":"","ocean_menu_link_color":"","ocean_menu_link_color_hover":"","ocean_menu_link_color_active":"","ocean_menu_link_background":"","ocean_menu_link_hover_background":"","ocean_menu_link_active_background":"","ocean_menu_social_links_bg":"","ocean_menu_social_hover_links_bg":"","ocean_menu_social_links_color":"","ocean_menu_social_hover_links_color":"","ocean_disable_title":"on","ocean_disable_heading":"default","ocean_post_title":"","ocean_post_subheading":"","ocean_post_title_style":"","ocean_post_title_background_color":"","ocean_post_title_background":0,"ocean_post_title_bg_image_position":"","ocean_post_title_bg_image_attachment":"","ocean_post_title_bg_image_repeat":"","ocean_post_title_bg_image_size":"","ocean_post_title_height":0,"ocean_post_title_bg_overlay":0.5,"ocean_post_title_bg_overlay_color":"","ocean_disable_breadcrumbs":"off","ocean_breadcrumbs_color":"","ocean_breadcrumbs_separator_color":"","ocean_breadcrumbs_links_color":"","ocean_breadcrumbs_links_hover_color":"","ocean_display_footer_widgets":"default","ocean_display_footer_bottom":"default","ocean_custom_footer_template":"0","footnotes":""},"class_list":["post-3861","page","type-page","status-publish","hentry","entry"],"acf":[],"_links":{"self":[{"href":"https:\/\/hb-international.com\/tr\/wp-json\/wp\/v2\/pages\/3861","targetHints":{"allow":["GET"]}}],"collection":[{"href":"https:\/\/hb-international.com\/tr\/wp-json\/wp\/v2\/pages"}],"about":[{"href":"https:\/\/hb-international.com\/tr\/wp-json\/wp\/v2\/types\/page"}],"author":[{"embeddable":true,"href":"https:\/\/hb-international.com\/tr\/wp-json\/wp\/v2\/users\/1"}],"replies":[{"embeddable":true,"href":"https:\/\/hb-international.com\/tr\/wp-json\/wp\/v2\/comments?post=3861"}],"version-history":[{"count":0,"href":"https:\/\/hb-international.com\/tr\/wp-json\/wp\/v2\/pages\/3861\/revisions"}],"wp:attachment":[{"href":"https:\/\/hb-international.com\/tr\/wp-json\/wp\/v2\/media?parent=3861"}],"curies":[{"name":"wp","href":"https:\/\/api.w.org\/{rel}","templated":true}]}}